{"id":8052,"date":"2016-11-15T10:30:48","date_gmt":"2016-11-15T08:30:48","guid":{"rendered":"http:\/\/karma-box.com\/?page_id=8052"},"modified":"2017-06-28T13:26:58","modified_gmt":"2017-06-28T11:26:58","slug":"inforsoluc-clientes","status":"publish","type":"page","link":"https:\/\/inforsoluc.es\/faq-general\/","title":{"rendered":"FAQ"},"content":{"rendered":"[mk_page_section sidebar=\u00bbsidebar-1&#8243;][vc_column][mk_padding_divider size=\u00bb90&#8243;][vc_wp_search title=\u00bbRealiza una b\u00fasqueda\u00bb][mk_padding_divider size=\u00bb30&#8243;][mk_fancy_title color=\u00bb#c60a00&#8243; size=\u00bb50&#8243; font_family=\u00bbnone\u00bb align=\u00bbcenter\u00bb]\u00daltimas consultas realizadas[\/mk_fancy_title][mk_blog style=\u00bbnewspaper\u00bb column=\u00bb4&#8243; grid_image_height=\u00bb300&#8243; comments_share=\u00bbfalse\u00bb][\/vc_column][\/mk_page_section][mk_page_section sidebar=\u00bbsidebar-1&#8243;][vc_column][mk_toggle style=\u00bbfancy\u00bb title=\u00bbConsulta todas las categor\u00edas\u00bb]<a href=\"http:\/\/inforsoluc.com\/faq-general\/category\/director-clasico\/\" rel=\"category tag\">Director Cl\u00e1sico<\/a><\/p>\n<ul>\n<li><a href=\"http:\/\/inforsoluc.com\/faq-general\/category\/director-clasico\/director-clasico-contabilidad\/\" rel=\"category tag\">Director Cl\u00e1sico &#8211; Contabilidad<\/a><\/li>\n<li><a href=\"http:\/\/inforsoluc.com\/faq-general\/category\/director-clasico\/director-clasico-gestion-comercial\/\" rel=\"category tag\">Director Cl\u00e1sico &#8211; Gesti\u00f3n Comercial<\/a><\/li>\n<li><a href=\"http:\/\/inforsoluc.com\/faq-general\/category\/director-clasico\/director-clasico-varios\/\" rel=\"category tag\">Director Cl\u00e1sico &#8211; Varios<\/a><\/li>\n<\/ul>\n<p><a href=\"http:\/\/inforsoluc.com\/faq-general\/category\/entorno\/\" rel=\"category tag\">Entorno Asesor\u00edas<\/a><\/p>\n<ul>\n<li><a href=\"http:\/\/inforsoluc.com\/faq-general\/category\/entorno\/entorno-asesorias\/\" rel=\"category tag\">Entorno Asesor\u00edas<\/a><\/li>\n<li><a href=\"http:\/\/inforsoluc.com\/faq-general\/category\/entorno\/entorno-asesorias-facturacion\/\" rel=\"category tag\">Entorno Asesor\u00edas &#8211; Facturaci\u00f3n<\/a><\/li>\n<li><a href=\"http:\/\/inforsoluc.com\/faq-general\/category\/entorno\/entorno-asesorias-ncs-declaraciones\/\" rel=\"category tag\">Entorno Asesor\u00edas &#8211; NCS Declaraciones<\/a><\/li>\n<\/ul>\n<p><a href=\"http:\/\/inforsoluc.com\/faq-general\/category\/fiscal\/\" rel=\"category tag\">Fiscal<\/a><\/p>\n<ul>\n<li><a href=\"http:\/\/inforsoluc.com\/faq-general\/category\/fiscal\/fiscal-control-tecnico\/\" rel=\"category tag\">Fiscal &#8211; Control T\u00e9cnico<\/a><\/li>\n<li><a href=\"http:\/\/inforsoluc.com\/faq-general\/category\/fiscal\/fiscal-gestion-de-libros\/\" rel=\"category tag\">Fiscal &#8211; Gesti\u00f3n de Libros<\/a><\/li>\n<li><a href=\"http:\/\/inforsoluc.com\/faq-general\/category\/fiscal\/fiscal-ob-formales\/\" rel=\"category tag\">Fiscal &#8211; OB. Formales<\/a><\/li>\n<li><a href=\"http:\/\/inforsoluc.com\/faq-general\/category\/fiscal\/fiscal-renta\/\" rel=\"category tag\">Fiscal &#8211; Renta<\/a><\/li>\n<li><a href=\"http:\/\/inforsoluc.com\/faq-general\/category\/fiscal\/fiscal-sociedades\/\" rel=\"category tag\">Fiscal &#8211; Sociedades<\/a><\/li>\n<\/ul>\n<p><a href=\"http:\/\/inforsoluc.com\/faq-general\/category\/laboral\/\" rel=\"category tag\">Laboral<\/a><\/p>\n<p><a href=\"http:\/\/inforsoluc.com\/faq-general\/category\/ncs-gestion\/\" rel=\"category tag\">NCS Gesti\u00f3n<\/a><\/p>\n<p><a href=\"http:\/\/inforsoluc.com\/faq-general\/category\/ncscontabilidad\/\" rel=\"category tag\">NCSContabilidad<\/a><\/p>\n<p><a href=\"http:\/\/inforsoluc.com\/faq-general\/category\/ncscontabilidad-sii\/\" rel=\"category tag\">NCSContabilidad SII<\/a><\/p>\n<p><a href=\"http:\/\/inforsoluc.com\/faq-general\/category\/ncsscan\/\" rel=\"category tag\">NCSScan<\/a><\/p>\n<p><a href=\"http:\/\/inforsoluc.com\/faq-general\/category\/tpu-comercios\/\" rel=\"category tag\">TPU Comercios<\/a><\/p>\n<p><a href=\"http:\/\/inforsoluc.com\/faq-general\/category\/tpu-restaurantes\/\" rel=\"category tag\">TPU Restaurantes<\/a>[\/mk_toggle][\/vc_column][\/mk_page_section][mk_page_section el_class=\u00bbcategorias-botones\u00bb sidebar=\u00bbsidebar-1&#8243;][vc_column][mk_fancy_title color=\u00bb#c60a00&#8243; size=\u00bb25&#8243; font_family=\u00bbnone\u00bb align=\u00bbcenter\u00bb]Consulta todas las categor\u00edas[\/mk_fancy_title][vc_row_inner][vc_column_inner width=\u00bb1\/4&#8243;][mk_button dimension=\u00bboutline\u00bb size=\u00bbmedium\u00bb url=\u00bbhttp:\/\/inforsoluc.com\/faq\/category\/perceptores\/\u00bb align=\u00bbcenter\u00bb]Percetores[\/mk_button][\/vc_column_inner][vc_column_inner width=\u00bb1\/4&#8243;][mk_button dimension=\u00bboutline\u00bb size=\u00bbmedium\u00bb url=\u00bbhttp:\/\/inforsoluc.com\/faq\/category\/descendientes\/\u00bb align=\u00bbcenter\u00bb]Descendientes[\/mk_button][\/vc_column_inner][vc_column_inner width=\u00bb1\/4&#8243;][mk_button dimension=\u00bboutline\u00bb size=\u00bbmedium\u00bb url=\u00bbhttp:\/\/inforsoluc.com\/faq\/category\/otros-procesos\/\u00bb align=\u00bbcenter\u00bb]Otros procesos[\/mk_button][\/vc_column_inner][vc_column_inner width=\u00bb1\/4&#8243;][mk_button dimension=\u00bboutline\u00bb size=\u00bbmedium\u00bb url=\u00bbhttp:\/\/inforsoluc.com\/faq\/category\/pagos-fraccionados\/\u00bb align=\u00bbcenter\u00bb]Pagos fraccionados[\/mk_button][\/vc_column_inner][\/vc_row_inner][mk_padding_divider size=\u00bb20&#8243;][vc_row_inner][vc_column_inner width=\u00bb1\/4&#8243;][mk_button dimension=\u00bboutline\u00bb size=\u00bbmedium\u00bb url=\u00bbhttp:\/\/inforsoluc.com\/faq\/category\/ejercicios-anteriores\/\u00bb align=\u00bbcenter\u00bb]Ejercicios anteriores[\/mk_button][\/vc_column_inner][vc_column_inner width=\u00bb1\/4&#8243;][mk_button dimension=\u00bboutline\u00bb size=\u00bbmedium\u00bb url=\u00bbhttp:\/\/inforsoluc.com\/faq\/category\/rendimientos-del-trabajo\/\u00bb align=\u00bbcenter\u00bb]Rendimientos del trabajo[\/mk_button][\/vc_column_inner][vc_column_inner width=\u00bb1\/4&#8243;][mk_button dimension=\u00bboutline\u00bb size=\u00bbmedium\u00bb url=\u00bbhttp:\/\/inforsoluc.com\/faq\/category\/rendimiento-capital-mobiliario-exentos\/\u00bb align=\u00bbcenter\u00bb]Rendimientos capital mobiliario\/exentos[\/mk_button][\/vc_column_inner][vc_column_inner width=\u00bb1\/4&#8243;][mk_button dimension=\u00bboutline\u00bb size=\u00bbmedium\u00bb url=\u00bbhttp:\/\/inforsoluc.com\/faq\/category\/ganancias-y-perdidas-del-patrimonio\/\u00bb align=\u00bbcenter\u00bb]Ganancias y p\u00e9rdidas del patrimonio[\/mk_button][\/vc_column_inner][\/vc_row_inner][mk_padding_divider size=\u00bb20&#8243;][vc_row_inner][vc_column_inner width=\u00bb1\/4&#8243;][mk_button dimension=\u00bboutline\u00bb size=\u00bbmedium\u00bb url=\u00bbhttp:\/\/inforsoluc.com\/faq\/category\/ganancias-y-perdidas-del-patrimonio\/\u00bb align=\u00bbcenter\u00bb]Ganancias y p\u00e9rdidas del patrimonio afectas[\/mk_button][\/vc_column_inner][vc_column_inner width=\u00bb1\/4&#8243;][mk_button dimension=\u00bboutline\u00bb size=\u00bbmedium\u00bb url=\u00bbhttp:\/\/inforsoluc.com\/faq\/category\/rendimiento-estimacion-directa-normal\/\u00bb align=\u00bbcenter\u00bb]Rendimiento estimaci\u00f3n directa normal[\/mk_button][\/vc_column_inner][vc_column_inner width=\u00bb1\/4&#8243;][mk_button dimension=\u00bboutline\u00bb size=\u00bbmedium\u00bb url=\u00bbhttp:\/\/inforsoluc.com\/faq\/category\/rendimiento-estimacion-directa-simplificada\/\u00bb align=\u00bbcenter\u00bb]Rendimiento estimaci\u00f3n directa simplificada[\/mk_button][\/vc_column_inner][vc_column_inner width=\u00bb1\/4&#8243;][mk_button dimension=\u00bboutline\u00bb size=\u00bbmedium\u00bb url=\u00bbhttp:\/\/inforsoluc.com\/faq\/category\/rendimiento-empresarial-modulos\/\u00bb align=\u00bbcenter\u00bb]Rendimiento empresarial m\u00f3dulos[\/mk_button][\/vc_column_inner][\/vc_row_inner][mk_padding_divider size=\u00bb20&#8243;][vc_row_inner][vc_column_inner width=\u00bb1\/4&#8243;][mk_button dimension=\u00bboutline\u00bb size=\u00bbmedium\u00bb url=\u00bbhttp:\/\/inforsoluc.com\/faq\/category\/rendimiento-agricola-modulos\/\u00bb align=\u00bbcenter\u00bb]Rendimiento agr\u00edcola m\u00f3dulos[\/mk_button][\/vc_column_inner][vc_column_inner width=\u00bb1\/4&#8243;][mk_button dimension=\u00bboutline\u00bb size=\u00bbmedium\u00bb url=\u00bbhttp:\/\/inforsoluc.com\/faq\/category\/deduccion-por-inversion-empresarial\/\u00bb align=\u00bbcenter\u00bb]Deducci\u00f3n por inversi\u00f3n empresarial\/agr\u00edcola\/profesional[\/mk_button][\/vc_column_inner][vc_column_inner width=\u00bb1\/4&#8243;][mk_button dimension=\u00bboutline\u00bb size=\u00bbmedium\u00bb url=\u00bbhttp:\/\/inforsoluc.com\/faq\/category\/imputacion-de-rentas-regimen-especiales\/\u00bb align=\u00bbcenter\u00bb]Imputaci\u00f3n de rentas r\u00e9gimen especiales[\/mk_button][\/vc_column_inner][vc_column_inner width=\u00bb1\/4&#8243;][mk_button dimension=\u00bboutline\u00bb size=\u00bbmedium\u00bb url=\u00bbhttp:\/\/inforsoluc.com\/faq\/category\/regimen-atribucion-de-rentas\/\u00bb align=\u00bbcenter\u00bb]R\u00e9gimen atribuci\u00f3n de rentas[\/mk_button][\/vc_column_inner][\/vc_row_inner][mk_padding_divider size=\u00bb20&#8243;][vc_row_inner][vc_column_inner width=\u00bb1\/4&#8243;][mk_button dimension=\u00bboutline\u00bb size=\u00bbmedium\u00bb url=\u00bbhttp:\/\/inforsoluc.com\/faq\/category\/reducciones-base-imponibleotros\/\u00bb align=\u00bbcenter\u00bb]Reducciones base imponible\/otros[\/mk_button][\/vc_column_inner][vc_column_inner width=\u00bb1\/4&#8243;][mk_button dimension=\u00bboutline\u00bb size=\u00bbmedium\u00bb url=\u00bbhttp:\/\/inforsoluc.com\/faq\/category\/rendimientos-capital-inmobiliario\/\u00bb align=\u00bbcenter\u00bb]Rendimientos capital inmobiliario[\/mk_button][\/vc_column_inner][vc_column_inner width=\u00bb1\/4&#8243;][mk_button dimension=\u00bboutline\u00bb size=\u00bbmedium\u00bb url=\u00bbhttp:\/\/inforsoluc.com\/faq\/category\/perdidas-deducciones-e-intereses-de-demora\/\u00bb align=\u00bbcenter\u00bb]P\u00e9rdidas deducciones e intereses de demora[\/mk_button][\/vc_column_inner][vc_column_inner width=\u00bb1\/4&#8243;][mk_button dimension=\u00bboutline\u00bb size=\u00bbmedium\u00bb url=\u00bbhttp:\/\/inforsoluc.com\/faq\/category\/deduccion-viviendadonativosgastos-e-inversiones-de-interes-cultural\/\u00bb align=\u00bbcenter\u00bb]Deducci\u00f3n vivienda\/donativos\/gastos e inversiones de inter\u00e9s cultural[\/mk_button][\/vc_column_inner][\/vc_row_inner][mk_padding_divider size=\u00bb20&#8243;][vc_row_inner][vc_column_inner width=\u00bb1\/4&#8243;][mk_button dimension=\u00bboutline\u00bb size=\u00bbmedium\u00bb url=\u00bbhttp:\/\/inforsoluc.com\/faq\/category\/deducciones-ceuta-y-melilla-canarias\/\u00bb align=\u00bbcenter\u00bb]Deducciones Ceuta y Melilla \/ Canarias[\/mk_button][\/vc_column_inner][vc_column_inner width=\u00bb1\/4&#8243;][mk_button dimension=\u00bboutline\u00bb size=\u00bbmedium\u00bb url=\u00bbhttp:\/\/inforsoluc.com\/faq\/category\/deduccion-imposicion-internacional\/\u00bb align=\u00bbcenter\u00bb]Deducci\u00f3n imposici\u00f3n internacional[\/mk_button][\/vc_column_inner][vc_column_inner width=\u00bb1\/4&#8243;][mk_button dimension=\u00bboutline\u00bb size=\u00bbmedium\u00bb url=\u00bbhttp:\/\/inforsoluc.com\/faq\/category\/deducciones-por-maternidadfamiliares\/\u00bb align=\u00bbcenter\u00bb]Deducciones por maternidad\/familiares[\/mk_button][\/vc_column_inner][vc_column_inner width=\u00bb1\/4&#8243;][mk_button dimension=\u00bboutline\u00bb size=\u00bbmedium\u00bb url=\u00bbhttp:\/\/inforsoluc.com\/faq\/category\/deducciones-autonomicas\/\u00bb align=\u00bbcenter\u00bb]Deducciones auton\u00f3micas[\/mk_button][\/vc_column_inner][\/vc_row_inner][mk_padding_divider size=\u00bb20&#8243;][vc_row_inner][vc_column_inner width=\u00bb1\/4&#8243;][mk_button dimension=\u00bboutline\u00bb size=\u00bbmedium\u00bb url=\u00bbhttp:\/\/inforsoluc.com\/faq\/category\/incorporacion-de-datos-fiscales\/\u00bb align=\u00bbcenter\u00bb]Incorporaci\u00f3n de datos fiscales[\/mk_button][\/vc_column_inner][vc_column_inner width=\u00bb1\/4&#8243;][mk_button dimension=\u00bboutline\u00bb size=\u00bbmedium\u00bb url=\u00bbhttp:\/\/inforsoluc.com\/faq\/category\/pantalla-de-liquidar\/\u00bb align=\u00bbcenter\u00bb]Pantalla de liquidar[\/mk_button][\/vc_column_inner][vc_column_inner width=\u00bb1\/4&#8243;][\/vc_column_inner][vc_column_inner width=\u00bb1\/4&#8243;][\/vc_column_inner][\/vc_row_inner][\/vc_column][\/mk_page_section]\n","protected":false},"excerpt":{"rendered":"<p>[mk_page_section sidebar=\u00bbsidebar-1&#8243;][vc_column][mk_padding_divider size=\u00bb90&#8243;][vc_wp_search title=\u00bbRealiza una b\u00fasqueda\u00bb][mk_padding_divider size=\u00bb30&#8243;][mk_fancy_title color=\u00bb#c60a00&#8243; size=\u00bb50&#8243; font_family=\u00bbnone\u00bb align=\u00bbcenter\u00bb]\u00daltimas consultas realizadas[\/mk_fancy_title][mk_blog style=\u00bbnewspaper\u00bb column=\u00bb4&#8243; grid_image_height=\u00bb300&#8243; comments_share=\u00bbfalse\u00bb][\/vc_column][\/mk_page_section][mk_page_section sidebar=\u00bbsidebar-1&#8243;][vc_column][mk_toggle style=\u00bbfancy\u00bb title=\u00bbConsulta todas las categor\u00edas\u00bb]Director Cl\u00e1sico Director Cl\u00e1sico &#8211; Contabilidad Director Cl\u00e1sico &#8211; Gesti\u00f3n Comercial Director Cl\u00e1sico &#8211; Varios Entorno Asesor\u00edas Entorno Asesor\u00edas Entorno Asesor\u00edas &#8211; Facturaci\u00f3n Entorno Asesor\u00edas &#8211; NCS Declaraciones Fiscal Fiscal &#8211; Control T\u00e9cnico [&hellip;]<\/p>\n","protected":false},"author":1,"featured_media":0,"parent":0,"menu_order":0,"comment_status":"open","ping_status":"closed","template":"","meta":[],"_links":{"self":[{"href":"https:\/\/inforsoluc.es\/faq-general\/wp-json\/wp\/v2\/pages\/8052"}],"collection":[{"href":"https:\/\/inforsoluc.es\/faq-general\/wp-json\/wp\/v2\/pages"}],"about":[{"href":"https:\/\/inforsoluc.es\/faq-general\/wp-json\/wp\/v2\/types\/page"}],"author":[{"embeddable":true,"href":"https:\/\/inforsoluc.es\/faq-general\/wp-json\/wp\/v2\/users\/1"}],"replies":[{"embeddable":true,"href":"https:\/\/inforsoluc.es\/faq-general\/wp-json\/wp\/v2\/comments?post=8052"}],"version-history":[{"count":79,"href":"https:\/\/inforsoluc.es\/faq-general\/wp-json\/wp\/v2\/pages\/8052\/revisions"}],"predecessor-version":[{"id":8414,"href":"https:\/\/inforsoluc.es\/faq-general\/wp-json\/wp\/v2\/pages\/8052\/revisions\/8414"}],"wp:attachment":[{"href":"https:\/\/inforsoluc.es\/faq-general\/wp-json\/wp\/v2\/media?parent=8052"}],"curies":[{"name":"wp","href":"https:\/\/api.w.org\/{rel}","templated":true}]}}